{"id":91,"date":"2026-03-13T10:24:11","date_gmt":"2026-03-13T09:24:11","guid":{"rendered":"https:\/\/numerising.com\/index.php\/a-propos\/"},"modified":"2026-03-13T10:26:35","modified_gmt":"2026-03-13T09:26:35","slug":"a-propos","status":"publish","type":"page","link":"https:\/\/numerising.com\/index.php\/a-propos\/","title":{"rendered":"A propos"},"content":{"rendered":"\n<figure class=\"wp-block-image size-full\"><img loading=\"lazy\" decoding=\"async\" width=\"1024\" height=\"768\" src=\"https:\/\/numerising.com\/wp-content\/uploads\/2026\/03\/create-a-high-resolution-highly-detailed-image-featuring-leandre-a-passionate-3-1.webp\" alt=\"\" class=\"wp-image-92\" srcset=\"https:\/\/numerising.com\/wp-content\/uploads\/2026\/03\/create-a-high-resolution-highly-detailed-image-featuring-leandre-a-passionate-3-1.webp 1024w, https:\/\/numerising.com\/wp-content\/uploads\/2026\/03\/create-a-high-resolution-highly-detailed-image-featuring-leandre-a-passionate-3-1-300x225.webp 300w, https:\/\/numerising.com\/wp-content\/uploads\/2026\/03\/create-a-high-resolution-highly-detailed-image-featuring-leandre-a-passionate-3-1-768x576.webp 768w\" sizes=\"auto, (max-width: 1024px) 100vw, 1024px\" \/><\/figure>\n\n\n\n<p>Salut, moi c\u2019est&nbsp;<strong><em><mark style=\"background-color:#d8613c\" class=\"has-inline-color has-contrast-color\">L\u00e9andre&nbsp;<\/mark><\/em><\/strong>\u2014 et&nbsp;<strong><em><mark style=\"background-color:#d8613c\" class=\"has-inline-color has-contrast-color\">NumeRising<\/mark><\/em><\/strong>,&nbsp;c\u2019est l\u2019art de rendre le num\u00e9rique simple et utile.<\/p>\n\n\n\n<p>Technicien informatique passionn\u00e9, je forme&nbsp;<strong>jeunes,&nbsp;parents&nbsp;et&nbsp;pros<\/strong>&nbsp;\u00e0 apprivoiser le digital : clair, concret, humain. On pratique, on rit un peu, et on repart avec des outils qui servent&nbsp;<strong>d\u00e8s&nbsp;demain<\/strong>.<\/p>\n\n\n\n<p><strong>Ce que j\u2019apporte&nbsp;:<\/strong><\/p>\n\n\n\n<ul class=\"wp-block-list\">\n<li><strong>P\u00e9dagogie<\/strong>&nbsp;pour tous les niveaux, sans jargon inutile.<\/li>\n\n\n\n<li><strong>S\u00e9curit\u00e9<\/strong>&nbsp;et bons r\u00e9flexes (anti-arnaques, vie priv\u00e9e, RGPD de bon sens).<\/li>\n\n\n\n<li><strong>Efficacit\u00e9<\/strong>&nbsp;: m\u00e9thodes, outils, automatisations l\u00e9g\u00e8res.<\/li>\n<\/ul>\n\n\n\n<p><strong>Vision&nbsp;:<\/strong>&nbsp;Des citoyens et des \u00e9quipes&nbsp;<strong>autonomes<\/strong>,&nbsp;<strong>r\u00e9fl\u00e9chies<\/strong>&nbsp;et&nbsp;<strong>sereines<\/strong>&nbsp;face au num\u00e9rique.<\/p>\n\n\n\n<figure class=\"wp-block-pullquote\"><blockquote><p>\u00ab Internet est un po\u00e8me en construction, \u00e9crit par tous ceux qui osent se connecter et cr\u00e9er. \u00bb<\/p><cite><strong>Vint Cerf<\/strong><\/cite><\/blockquote><\/figure>\n","protected":false},"excerpt":{"rendered":"<p>Salut, moi c\u2019est&nbsp;L\u00e9andre&nbsp;\u2014 et&nbsp;NumeRising,&nbsp;c\u2019est l\u2019art de rendre le num\u00e9rique simple et utile. Technicien informatique passionn\u00e9, je forme&nbsp;jeunes,&nbsp;parents&nbsp;et&nbsp;pros&nbsp;\u00e0 apprivoiser le digital : clair, concret, humain. On pratique, on rit un peu, et on repart avec des outils qui servent&nbsp;d\u00e8s&nbsp;demain. Ce que j\u2019apporte&nbsp;: Vision&nbsp;:&nbsp;Des citoyens et des \u00e9quipes&nbsp;autonomes,&nbsp;r\u00e9fl\u00e9chies&nbsp;et&nbsp;sereines&nbsp;face au num\u00e9rique. \u00ab Internet est un po\u00e8me en construction, [&hellip;]<\/p>\n","protected":false},"author":1,"featured_media":0,"parent":0,"menu_order":0,"comment_status":"closed","ping_status":"closed","template":"","meta":{"footnotes":""},"class_list":["post-91","page","type-page","status-publish","hentry"],"_links":{"self":[{"href":"https:\/\/numerising.com\/index.php\/wp-json\/wp\/v2\/pages\/91","targetHints":{"allow":["GET"]}}],"collection":[{"href":"https:\/\/numerising.com\/index.php\/wp-json\/wp\/v2\/pages"}],"about":[{"href":"https:\/\/numerising.com\/index.php\/wp-json\/wp\/v2\/types\/page"}],"author":[{"embeddable":true,"href":"https:\/\/numerising.com\/index.php\/wp-json\/wp\/v2\/users\/1"}],"replies":[{"embeddable":true,"href":"https:\/\/numerising.com\/index.php\/wp-json\/wp\/v2\/comments?post=91"}],"version-history":[{"count":1,"href":"https:\/\/numerising.com\/index.php\/wp-json\/wp\/v2\/pages\/91\/revisions"}],"predecessor-version":[{"id":94,"href":"https:\/\/numerising.com\/index.php\/wp-json\/wp\/v2\/pages\/91\/revisions\/94"}],"wp:attachment":[{"href":"https:\/\/numerising.com\/index.php\/wp-json\/wp\/v2\/media?parent=91"}],"curies":[{"name":"wp","href":"https:\/\/api.w.org\/{rel}","templated":true}]}}